{"id":251,"date":"2026-01-24T12:04:09","date_gmt":"2026-01-24T12:04:09","guid":{"rendered":"https:\/\/tankconfrp.com\/home\/"},"modified":"2026-03-25T14:24:27","modified_gmt":"2026-03-25T14:24:27","slug":"home","status":"publish","type":"page","link":"https:\/\/tankconfrp.com\/fr\/","title":{"rendered":"Accueil"},"content":{"rendered":"","protected":false},"excerpt":{"rendered":"","protected":false},"author":1,"featured_media":0,"parent":0,"menu_order":0,"comment_status":"closed","ping_status":"closed","template":"","meta":{"_acf_changed":false,"inline_featured_image":false,"footnotes":""},"class_list":["post-251","page","type-page","status-publish","hentry"],"acf":{"blocks":[{"acf_fc_layout":"hero","badge_text":"Chef de \ufb01le de l\u2019industrie depuis 1964","title_line_1":"Citernes routi\u00e8res","title_line_2":"(PRF) haut de gamme","description":"Con\u00e7ues pour le transport de produits chimiques hautement corrosifs avec une durabilit\u00e9 in\u00e9gal\u00e9e. Notre construction exclusive en PRF\/Balsa offre plus de 35 ans de service d'excellence \u00e9prouv\u00e9e.","primary_cta":{"title":"D\u00e9buter votre projet","url":"#contact","target":""},"secondary_cta":{"title":"En savoir plus","url":"#about","target":""},"stats":[{"value":35,"suffix":"+","label":"Ann\u00e9es de service"},{"value":90,"suffix":"%","label":"Toujours en service"},{"value":150,"suffix":"M+","label":"Kilom\u00e8tres parcourus"}],"hero_image":252,"warranty":{"title":"Garantie de 5 ans","subtitle":"Couverture inconditionnelle"}},{"acf_fc_layout":"about","badge_text":"\u00c0 propos de TANKCON\u2122 FRP","title_line_1":"L\u2019excellence d\u2019ing\u00e9nierie au c\u0153ur","title_line_2":"de chaque transport","description_1":"TANKCON\u2122 FRP, Inc. est un fabricant sur mesure de citernes de transport TC 412\/DOT-412 en plastique renforc\u00e9 de fibre de verre (PRF) de qualit\u00e9. Toutes les unit\u00e9s sont fabriqu\u00e9es \u00e0 la main selon notre proc\u00e9d\u00e9 exclusif de construction en PRF\/Balsa. ","description_2":"Elles offrent une compatibilit\u00e9 et un entretien minimal optimaux pour le transport d'acides hautement corrosifs, d'eau de Javel, de produits caustiques, d'acides mixtes, de compos\u00e9s organiques et de flux de d\u00e9chets dangereux.","image":253,"years_stat":{"value":60,"suffix":"+","label":"Ann\u00e9es d'excellence"},"highlights":[{"icon":255,"label":"Plage de pH 0,5-14"},{"icon":254,"label":"Garantie de 5 ans"},{"icon":256,"label":"Dur\u00e9e de vie de 35+ ans"}]},{"acf_fc_layout":"models","badge_text":"Nos mod\u00e8les","title_line_1":"Choisissez votre","title_line_2":"configuration id\u00e9ale","description":"S\u00e9lectionnez parmi notre gamme de configurations deux essieux, trois essieux, quatre essieux, toutes dot\u00e9es de notre construction exclusive en PRF\/Balsa.","models":[{"title":"Trois essieux","capacity_value":"6,300","capacity_unit":"Capacit\u00e9 en gallons imp\u00e9riaux","description":"Barri\u00e8re anti-corrosion standard BPO\/DMA pour le service d'eau de Javel et d'acides","features":[{"feature":"Conforme TC 412\/DOT-412"},{"feature":"PRF\/Balsa"},{"feature":"Int\u00e9rieur lisse comme du verre"}],"image":257,"featured":false,"featured_label":""},{"title":"Deux essieux","capacity_value":"5,400","capacity_unit":"Capacit\u00e9 en gallons am\u00e9ricains","description":"Barri\u00e8re anti-corrosion standard BPO\/DMA pour le service d'eau de Javel et d'acides","features":[{"feature":"Conforme TC 412\/DOT-412"},{"feature":"PRF\/Balsa"},{"feature":"Int\u00e9rieur lisse comme du verre"}],"image":258,"featured":true,"featured_label":"Le plus populaire"},{"title":"Quatre essieux","capacity_value":"7,400","capacity_unit":"Capacit\u00e9 en gallons imp\u00e9riaux","description":"Barri\u00e8re anti-corrosion standard BPO\/DMA pour le service d'eau de Javel et d'acides","features":[{"feature":"Conforme TC 412\/DOT-412"},{"feature":"PRF\/Balsa"},{"feature":"Int\u00e9rieur lisse comme du verre"}],"image":259,"featured":false,"featured_label":""}],"callout":{"icon":260,"title":"Certifi\u00e9 par le permis DOT SP-10878","description":"Toutes les unit\u00e9s TANKCON\u2122 sont construites en pleine conformit\u00e9 avec les sp\u00e9cifications TC 412\/DOT-412 et les exigences du permis SP-10878, garantissant les normes de s\u00e9curit\u00e9 les plus \u00e9lev\u00e9es.","link":{"title":"Obtenir la documentation","url":"https:\/\/www.phmsa.dot.gov\/hazmat\/documents\/offer\/SP10878.pdf\/offerserver\/SP10878","target":"_blank"}}},{"acf_fc_layout":"products","badge_text":"Ce que transportent nos citernes PRF","title_line_1":"Solutions compl\u00e8tes de","title_line_2":"transport chimique","description":"Les citernes TANKCON\u2122 FRP offrent une compatibilit\u00e9 optimale et un entretien minimal pour les besoins de transport chimique les plus exigeants.","items":[{"icon":262,"title":"Acides corrosifs","description":"Transport d'acide sulfurique, chlorhydrique, nitrique et autres acides hautement corrosifs avec une r\u00e9sistance sup\u00e9rieure."},{"icon":263,"title":"Eau de Javel et produits caustiques","description":"Citernes sp\u00e9cialis\u00e9es pour l'hypochlorite de sodium (eau de Javel) et les solutions caustiques avec int\u00e9rieurs lisses comme du verre."},{"icon":261,"title":"Acides mixtes et compos\u00e9s organiques","description":"Configurations de citernes polyvalentes pour le transport s\u00e9curitaire de solutions chimiques mixtes et de compos\u00e9s organiques."},{"icon":266,"title":"Flux de d\u00e9chets dangereux","description":"Citernes conformes DOT con\u00e7ues sp\u00e9cifiquement pour le transport s\u00e9curitaire de divers mat\u00e9riaux de d\u00e9chets dangereux."}]},{"acf_fc_layout":"features","badge_text":"L'avantage TANKCON","title_line_1":"Avantages in\u00e9gal\u00e9s","title_line_2":"pour votre flotte","description":"Notre proc\u00e9d\u00e9 exclusif de construction en PRF\/Balsa cr\u00e9e des citernes de transport largement sup\u00e9rieures aux unit\u00e9s en acier doubl\u00e9es de caoutchouc ou de PRF. Avec plus de 150 millions de kilom\u00e8tres parcourus et 90 % des unit\u00e9s toujours en service, notre conception \u00e9prouv\u00e9e offre des performances in\u00e9gal\u00e9es. ","image":265,"road_miles_stat":{"value":150,"suffix":"M+","label":"Kilom\u00e8tres parcourus"},"items":[{"icon":255,"title":"Aucune d\u00e9faillance de rev\u00eatement","description":"\u00c9limine les d\u00e9faillances de rev\u00eatement et les co\u00fbts d'entretien ext\u00e9rieur"},{"icon":267,"title":"Large gamme chimique","description":"Large gamme de r\u00e9sistance chimique pH 0,5-14"},{"icon":256,"title":"Plus de 35 ans de service","description":"Ant\u00e9c\u00e9dents \u00e9prouv\u00e9s avec des unit\u00e9s en service depuis plus de 35 ans"},{"icon":254,"title":"Garantie de 5 ans","description":"Garantie structurelle inconditionnelle sur toutes les citernes TANKCON\u00ae"},{"icon":268,"title":"Entretien minimal","description":"La construction PRF\/balsa \u00e9limine les r\u00e9parations co\u00fbteuses de l'acier et les temps d'arr\u00eat"},{"icon":266,"title":"Nettoyage facile","description":"Surface lisse comme du verre pour un nettoyage facile et une utilisation accrue"}]},{"acf_fc_layout":"locations","badge_text":"Notre port\u00e9e","title_line_1":"Au service de toute","title_line_2":"l'Am\u00e9rique du Nord","description":"Avec des unit\u00e9s en service \u00e0 travers le continent depuis 1964, TANKCON\u2122 FRP offre des solutions de citernes de transport fiables \u00e0 l'\u00e9chelle nationale.","facility":{"icon":269,"title":"Usine de fabrication","subtitle":"Situ\u00e9e au Qu\u00e9bec, Canada","address_lines":[{"line":"101 Marius-Warnet"},{"line":"Blainville (Qu\u00e9bec)"},{"line":"J7C 5S3"}]},"coverage":{"icon":270,"title":"Couverture de service","subtitle":"Port\u00e9e continentale \u00e0 travers l'Am\u00e9rique du Nord","countries":[{"country":"\u00c9tats-Unis"},{"country":"Canada"},{"country":"Mexique"}],"footer_text":"Plus de 150 millions de kilom\u00e8tres parcourus \u00e0 travers l'Am\u00e9rique du Nord avec des citernes TANKCON\u2122 en service depuis les ann\u00e9es 1970."},"stats":[{"value":60,"suffix":"+","label":"Ann\u00e9es d'activit\u00e9"},{"value":90,"suffix":"%","label":"Unit\u00e9s toujours en service"},{"value":150,"suffix":"M+","label":"Kilom\u00e8tres totaux parcourus"}]},{"acf_fc_layout":"contact","badge_text":"Nous joindre","title_line_1":"Pr\u00eat \u00e0 constituer","title_line_2":"votre flotte id\u00e9ale ?","description":"Contactez-nous d\u00e8s aujourd'hui pour discuter de vos besoins en citernes de transport TC 412\/DOT-412 sur mesure. Notre \u00e9quipe travaillera avec vous pour concevoir la solution de citerne PRF id\u00e9ale.","cards":[{"icon":272,"title":"T\u00e9l\u00e9phone","details":[{"detail":"<a href=\"tel:450-435-5483\">450-435-5483<\/a>"},{"detail":"<a href=\"tel:1-866-377-8265\">1-866-377-8265<\/a>"},{"detail":"(1-866-FRP-TANK)"}]},{"icon":271,"title":"Courriel","details":[{"detail":"<a href=\"mailto:reception@tankconfrp.com\">reception@tankconfrp.com<\/a>"}]},{"icon":269,"title":"Adresse","details":[{"detail":"101 Marius-Warnet<span data-mce-type=\"bookmark\" style=\"display: inline-block; width: 0px; overflow: hidden; line-height: 0;\" class=\"mce_SELRES_start\">\ufeff<\/span> Blainville (Qu\u00e9bec) J7C 5S3"}]}]}]},"yoast_head":"<!-- This site is optimized with the Yoast SEO plugin v27.2 - https:\/\/yoast.com\/product\/yoast-seo-wordpress\/ -->\n<title>Accueil - TankCon<\/title>\n<meta name=\"robots\" content=\"index, follow, max-snippet:-1, max-image-preview:large, max-video-preview:-1\" \/>\n<link rel=\"canonical\" href=\"https:\/\/tankconfrp.com\/fr\/\" \/>\n<meta property=\"og:locale\" content=\"fr_FR\" \/>\n<meta property=\"og:type\" content=\"article\" \/>\n<meta property=\"og:title\" content=\"Accueil - TankCon\" \/>\n<meta property=\"og:url\" content=\"https:\/\/tankconfrp.com\/fr\/\" \/>\n<meta property=\"og:site_name\" content=\"TankCon\" \/>\n<meta property=\"article:modified_time\" content=\"2026-03-25T14:24:27+00:00\" \/>\n<meta name=\"twitter:card\" content=\"summary_large_image\" \/>\n<script type=\"application\/ld+json\" class=\"yoast-schema-graph\">{\"@context\":\"https:\/\/schema.org\",\"@graph\":[{\"@type\":\"WebPage\",\"@id\":\"https:\/\/tankconfrp.com\/fr\/\",\"url\":\"https:\/\/tankconfrp.com\/fr\/\",\"name\":\"Accueil - TankCon\",\"isPartOf\":{\"@id\":\"https:\/\/tankconfrp.com\/fr\/#website\"},\"datePublished\":\"2026-01-24T12:04:09+00:00\",\"dateModified\":\"2026-03-25T14:24:27+00:00\",\"breadcrumb\":{\"@id\":\"https:\/\/tankconfrp.com\/fr\/#breadcrumb\"},\"inLanguage\":\"fr-FR\",\"potentialAction\":[{\"@type\":\"ReadAction\",\"target\":[\"https:\/\/tankconfrp.com\/fr\/\"]}]},{\"@type\":\"BreadcrumbList\",\"@id\":\"https:\/\/tankconfrp.com\/fr\/#breadcrumb\",\"itemListElement\":[{\"@type\":\"ListItem\",\"position\":1,\"name\":\"Home\",\"item\":\"https:\/\/tankconfrp.com\/fr\/\"},{\"@type\":\"ListItem\",\"position\":2,\"name\":\"Accueil\"}]},{\"@type\":\"WebSite\",\"@id\":\"https:\/\/tankconfrp.com\/fr\/#website\",\"url\":\"https:\/\/tankconfrp.com\/fr\/\",\"name\":\"TankCon\",\"description\":\"\",\"publisher\":{\"@id\":\"https:\/\/tankconfrp.com\/fr\/#organization\"},\"potentialAction\":[{\"@type\":\"SearchAction\",\"target\":{\"@type\":\"EntryPoint\",\"urlTemplate\":\"https:\/\/tankconfrp.com\/fr\/?s={search_term_string}\"},\"query-input\":{\"@type\":\"PropertyValueSpecification\",\"valueRequired\":true,\"valueName\":\"search_term_string\"}}],\"inLanguage\":\"fr-FR\"},{\"@type\":\"Organization\",\"@id\":\"https:\/\/tankconfrp.com\/fr\/#organization\",\"name\":\"TankCon\",\"url\":\"https:\/\/tankconfrp.com\/fr\/\",\"logo\":{\"@type\":\"ImageObject\",\"inLanguage\":\"fr-FR\",\"@id\":\"https:\/\/tankconfrp.com\/fr\/#\/schema\/logo\/image\/\",\"url\":\"https:\/\/tankconfrp.com\/wp-content\/uploads\/2026\/01\/0411905c80c9f1f05347ed69051897f3718392f3.png\",\"contentUrl\":\"https:\/\/tankconfrp.com\/wp-content\/uploads\/2026\/01\/0411905c80c9f1f05347ed69051897f3718392f3.png\",\"width\":2206,\"height\":811,\"caption\":\"TankCon\"},\"image\":{\"@id\":\"https:\/\/tankconfrp.com\/fr\/#\/schema\/logo\/image\/\"}}]}<\/script>\n<!-- \/ Yoast SEO plugin. -->","yoast_head_json":{"title":"Accueil - TankCon","robots":{"index":"index","follow":"follow","max-snippet":"max-snippet:-1","max-image-preview":"max-image-preview:large","max-video-preview":"max-video-preview:-1"},"canonical":"https:\/\/tankconfrp.com\/fr\/","og_locale":"fr_FR","og_type":"article","og_title":"Accueil - TankCon","og_url":"https:\/\/tankconfrp.com\/fr\/","og_site_name":"TankCon","article_modified_time":"2026-03-25T14:24:27+00:00","twitter_card":"summary_large_image","schema":{"@context":"https:\/\/schema.org","@graph":[{"@type":"WebPage","@id":"https:\/\/tankconfrp.com\/fr\/","url":"https:\/\/tankconfrp.com\/fr\/","name":"Accueil - TankCon","isPartOf":{"@id":"https:\/\/tankconfrp.com\/fr\/#website"},"datePublished":"2026-01-24T12:04:09+00:00","dateModified":"2026-03-25T14:24:27+00:00","breadcrumb":{"@id":"https:\/\/tankconfrp.com\/fr\/#breadcrumb"},"inLanguage":"fr-FR","potentialAction":[{"@type":"ReadAction","target":["https:\/\/tankconfrp.com\/fr\/"]}]},{"@type":"BreadcrumbList","@id":"https:\/\/tankconfrp.com\/fr\/#breadcrumb","itemListElement":[{"@type":"ListItem","position":1,"name":"Home","item":"https:\/\/tankconfrp.com\/fr\/"},{"@type":"ListItem","position":2,"name":"Accueil"}]},{"@type":"WebSite","@id":"https:\/\/tankconfrp.com\/fr\/#website","url":"https:\/\/tankconfrp.com\/fr\/","name":"TankCon","description":"","publisher":{"@id":"https:\/\/tankconfrp.com\/fr\/#organization"},"potentialAction":[{"@type":"SearchAction","target":{"@type":"EntryPoint","urlTemplate":"https:\/\/tankconfrp.com\/fr\/?s={search_term_string}"},"query-input":{"@type":"PropertyValueSpecification","valueRequired":true,"valueName":"search_term_string"}}],"inLanguage":"fr-FR"},{"@type":"Organization","@id":"https:\/\/tankconfrp.com\/fr\/#organization","name":"TankCon","url":"https:\/\/tankconfrp.com\/fr\/","logo":{"@type":"ImageObject","inLanguage":"fr-FR","@id":"https:\/\/tankconfrp.com\/fr\/#\/schema\/logo\/image\/","url":"https:\/\/tankconfrp.com\/wp-content\/uploads\/2026\/01\/0411905c80c9f1f05347ed69051897f3718392f3.png","contentUrl":"https:\/\/tankconfrp.com\/wp-content\/uploads\/2026\/01\/0411905c80c9f1f05347ed69051897f3718392f3.png","width":2206,"height":811,"caption":"TankCon"},"image":{"@id":"https:\/\/tankconfrp.com\/fr\/#\/schema\/logo\/image\/"}}]}},"_links":{"self":[{"href":"https:\/\/tankconfrp.com\/fr\/wp-json\/wp\/v2\/pages\/251","targetHints":{"allow":["GET"]}}],"collection":[{"href":"https:\/\/tankconfrp.com\/fr\/wp-json\/wp\/v2\/pages"}],"about":[{"href":"https:\/\/tankconfrp.com\/fr\/wp-json\/wp\/v2\/types\/page"}],"author":[{"embeddable":true,"href":"https:\/\/tankconfrp.com\/fr\/wp-json\/wp\/v2\/users\/1"}],"replies":[{"embeddable":true,"href":"https:\/\/tankconfrp.com\/fr\/wp-json\/wp\/v2\/comments?post=251"}],"version-history":[{"count":15,"href":"https:\/\/tankconfrp.com\/fr\/wp-json\/wp\/v2\/pages\/251\/revisions"}],"predecessor-version":[{"id":310,"href":"https:\/\/tankconfrp.com\/fr\/wp-json\/wp\/v2\/pages\/251\/revisions\/310"}],"wp:attachment":[{"href":"https:\/\/tankconfrp.com\/fr\/wp-json\/wp\/v2\/media?parent=251"}],"curies":[{"name":"wp","href":"https:\/\/api.w.org\/{rel}","templated":true}]}}